{"id":6406,"date":"2025-02-28T16:29:37","date_gmt":"2025-02-28T16:29:37","guid":{"rendered":"https:\/\/bumbar.mater.agency\/proizvod\/cep-za-sampanjac-plasticni-1-100\/"},"modified":"2026-01-29T11:23:33","modified_gmt":"2026-01-29T11:23:33","slug":"cep-za-sampanjac-plasticni-1-100","status":"publish","type":"product","link":"https:\/\/bumbar.hr\/en\/product\/cep-za-sampanjac-plasticni-1-100\/","title":{"rendered":"\u010cep za \u0161ampanjac plasti\u010dni 1\/100"},"content":{"rendered":"","protected":false},"excerpt":{"rendered":"","protected":false},"featured_media":5617,"comment_status":"open","ping_status":"closed","template":"","meta":{"_acf_changed":false},"product_brand":[],"product_cat":[580,590],"product_tag":[],"class_list":{"0":"post-6406","1":"product","2":"type-product","3":"status-publish","4":"has-post-thumbnail","6":"product_cat-stoppers-and-closures","7":"product_cat-other-closures","9":"first","10":"instock","11":"shipping-taxable","12":"purchasable","13":"product-type-simple"},"acf":[],"_links":{"self":[{"href":"https:\/\/bumbar.hr\/en\/wp-json\/wp\/v2\/product\/6406","targetHints":{"allow":["GET"]}}],"collection":[{"href":"https:\/\/bumbar.hr\/en\/wp-json\/wp\/v2\/product"}],"about":[{"href":"https:\/\/bumbar.hr\/en\/wp-json\/wp\/v2\/types\/product"}],"replies":[{"embeddable":true,"href":"https:\/\/bumbar.hr\/en\/wp-json\/wp\/v2\/comments?post=6406"}],"wp:featuredmedia":[{"embeddable":true,"href":"https:\/\/bumbar.hr\/en\/wp-json\/wp\/v2\/media\/5617"}],"wp:attachment":[{"href":"https:\/\/bumbar.hr\/en\/wp-json\/wp\/v2\/media?parent=6406"}],"wp:term":[{"taxonomy":"product_brand","embeddable":true,"href":"https:\/\/bumbar.hr\/en\/wp-json\/wp\/v2\/product_brand?post=6406"},{"taxonomy":"product_cat","embeddable":true,"href":"https:\/\/bumbar.hr\/en\/wp-json\/wp\/v2\/product_cat?post=6406"},{"taxonomy":"product_tag","embeddable":true,"href":"https:\/\/bumbar.hr\/en\/wp-json\/wp\/v2\/product_tag?post=6406"}],"curies":[{"name":"wp","href":"https:\/\/api.w.org\/{rel}","templated":true}]}}