{"id":6413,"date":"2025-02-28T16:29:37","date_gmt":"2025-02-28T16:29:37","guid":{"rendered":"https:\/\/bumbar.mater.agency\/proizvod\/rucna-zatvaracica-razne\/"},"modified":"2026-04-16T12:12:13","modified_gmt":"2026-04-16T12:12:13","slug":"rucna-zatvaracica-razne","status":"publish","type":"product","link":"https:\/\/bumbar.hr\/en\/product\/rucna-zatvaracica-razne\/","title":{"rendered":"Ru\u010dna zatvara\u010dica za navojne \u010depove (razne dimenzije)"},"content":{"rendered":"<p>Dostupne veli\u010dine za dimenzije zatvara\u010da:<\/p>\n<p>18&#215;12,\u00a0 20&#215;15,\u00a0 24&#215;15,\u00a0 28&#215;18\/15,\u00a0 28&#215;44,\u00a0 30&#215;60,\u00a0 31,5&#215;24\/18,\u00a0 31,5&#215;44,\u00a0 35&#215;24\/18<\/p>\n<p>&nbsp;<\/p>\n<p>&nbsp;<\/p>\n<p>&nbsp;<\/p>\n<p>&nbsp;<\/p>\n<p>&nbsp;<\/p>\n<p>&nbsp;<\/p>\n<p>&nbsp;<\/p>\n","protected":false},"excerpt":{"rendered":"<p>Dostupne veli\u010dine za dimenzije zatvara\u010da: 18&#215;12,\u00a0 20&#215;15,\u00a0 24&#215;15,\u00a0 28&#215;18\/15,\u00a0 28&#215;44,\u00a0 30&#215;60,\u00a0 31,5&#215;24\/18,\u00a0 31,5&#215;44,\u00a0 35&#215;24\/18 &nbsp; &nbsp; &nbsp; &nbsp; &nbsp; &nbsp; &nbsp;<\/p>\n","protected":false},"featured_media":5834,"comment_status":"open","ping_status":"closed","template":"","meta":{"_acf_changed":false},"product_brand":[],"product_cat":[591],"product_tag":[],"class_list":{"0":"post-6413","1":"product","2":"type-product","3":"status-publish","4":"has-post-thumbnail","6":"product_cat-hobbyist-equipment","8":"first","9":"instock","10":"shipping-taxable","11":"purchasable","12":"product-type-simple"},"acf":[],"_links":{"self":[{"href":"https:\/\/bumbar.hr\/en\/wp-json\/wp\/v2\/product\/6413","targetHints":{"allow":["GET"]}}],"collection":[{"href":"https:\/\/bumbar.hr\/en\/wp-json\/wp\/v2\/product"}],"about":[{"href":"https:\/\/bumbar.hr\/en\/wp-json\/wp\/v2\/types\/product"}],"replies":[{"embeddable":true,"href":"https:\/\/bumbar.hr\/en\/wp-json\/wp\/v2\/comments?post=6413"}],"wp:featuredmedia":[{"embeddable":true,"href":"https:\/\/bumbar.hr\/en\/wp-json\/wp\/v2\/media\/5834"}],"wp:attachment":[{"href":"https:\/\/bumbar.hr\/en\/wp-json\/wp\/v2\/media?parent=6413"}],"wp:term":[{"taxonomy":"product_brand","embeddable":true,"href":"https:\/\/bumbar.hr\/en\/wp-json\/wp\/v2\/product_brand?post=6413"},{"taxonomy":"product_cat","embeddable":true,"href":"https:\/\/bumbar.hr\/en\/wp-json\/wp\/v2\/product_cat?post=6413"},{"taxonomy":"product_tag","embeddable":true,"href":"https:\/\/bumbar.hr\/en\/wp-json\/wp\/v2\/product_tag?post=6413"}],"curies":[{"name":"wp","href":"https:\/\/api.w.org\/{rel}","templated":true}]}}