{"id":6670,"date":"2025-02-28T16:29:44","date_gmt":"2025-02-28T16:29:44","guid":{"rendered":"https:\/\/bumbar.mater.agency\/proizvod\/staklenka-kozmeticka-15-ml-uv-sa-zatvaracem\/"},"modified":"2026-01-26T11:12:56","modified_gmt":"2026-01-26T11:12:56","slug":"staklenka-kozmeticka-15-ml-uv-sa-zatvaracem","status":"publish","type":"product","link":"https:\/\/bumbar.hr\/en\/product\/staklenka-kozmeticka-15-ml-uv-sa-zatvaracem\/","title":{"rendered":"Staklenka kozmeti\u010dka 15 ml uv sa zatvara\u010dem"},"content":{"rendered":"<p>Akcijska cijena vrijedi za avansno pla\u0107anje!<\/p>\n<p>Najni\u017ea cijena unutar 30 dana prije akcije je navedena.<\/p>\n","protected":false},"excerpt":{"rendered":"<p>Akcijska cijena vrijedi za avansno pla\u0107anje! Najni\u017ea cijena unutar 30 dana prije akcije je navedena.<\/p>\n","protected":false},"featured_media":5556,"comment_status":"open","ping_status":"closed","template":"","meta":{"_acf_changed":false},"product_brand":[],"product_cat":[599,600],"product_tag":[],"class_list":{"0":"post-6670","1":"product","2":"type-product","3":"status-publish","4":"has-post-thumbnail","6":"product_cat-jars","7":"product_cat-20-100-ml-en","9":"first","10":"instock","11":"sale","12":"shipping-taxable","13":"purchasable","14":"product-type-simple"},"acf":[],"_links":{"self":[{"href":"https:\/\/bumbar.hr\/en\/wp-json\/wp\/v2\/product\/6670","targetHints":{"allow":["GET"]}}],"collection":[{"href":"https:\/\/bumbar.hr\/en\/wp-json\/wp\/v2\/product"}],"about":[{"href":"https:\/\/bumbar.hr\/en\/wp-json\/wp\/v2\/types\/product"}],"replies":[{"embeddable":true,"href":"https:\/\/bumbar.hr\/en\/wp-json\/wp\/v2\/comments?post=6670"}],"wp:featuredmedia":[{"embeddable":true,"href":"https:\/\/bumbar.hr\/en\/wp-json\/wp\/v2\/media\/5556"}],"wp:attachment":[{"href":"https:\/\/bumbar.hr\/en\/wp-json\/wp\/v2\/media?parent=6670"}],"wp:term":[{"taxonomy":"product_brand","embeddable":true,"href":"https:\/\/bumbar.hr\/en\/wp-json\/wp\/v2\/product_brand?post=6670"},{"taxonomy":"product_cat","embeddable":true,"href":"https:\/\/bumbar.hr\/en\/wp-json\/wp\/v2\/product_cat?post=6670"},{"taxonomy":"product_tag","embeddable":true,"href":"https:\/\/bumbar.hr\/en\/wp-json\/wp\/v2\/product_tag?post=6670"}],"curies":[{"name":"wp","href":"https:\/\/api.w.org\/{rel}","templated":true}]}}