{"id":6813,"date":"2025-02-28T16:29:48","date_gmt":"2025-02-28T16:29:48","guid":{"rendered":"https:\/\/bumbar.mater.agency\/proizvod\/keramicka-boca-wine-700-ml-glazirana-crna\/"},"modified":"2026-02-27T13:37:24","modified_gmt":"2026-02-27T13:37:24","slug":"keramicka-boca-wine-700-ml-glazirana-crna","status":"publish","type":"product","link":"https:\/\/bumbar.hr\/en\/product\/keramicka-boca-wine-700-ml-glazirana-crna\/","title":{"rendered":"Kerami\u010dka boca wine 700 ml glazirana crna"},"content":{"rendered":"<p><strong>Zbog pove\u0107anog rizika od o\u0161te\u0107enja, ovaj proizvod ne \u0161aljemo dostavnim slu\u017ebama!<\/strong><\/p>\n","protected":false},"excerpt":{"rendered":"<p>Zbog pove\u0107anog rizika od o\u0161te\u0107enja, ovaj proizvod ne \u0161aljemo dostavnim slu\u017ebama!<\/p>\n","protected":false},"featured_media":5546,"comment_status":"open","ping_status":"closed","template":"","meta":{"_acf_changed":false},"product_brand":[],"product_cat":[568,576],"product_tag":[],"class_list":{"0":"post-6813","1":"product","2":"type-product","3":"status-publish","4":"has-post-thumbnail","6":"product_cat-bottles","7":"product_cat-700-749-ml-en","9":"first","10":"instock","11":"shipping-taxable","12":"purchasable","13":"product-type-simple"},"acf":[],"_links":{"self":[{"href":"https:\/\/bumbar.hr\/en\/wp-json\/wp\/v2\/product\/6813","targetHints":{"allow":["GET"]}}],"collection":[{"href":"https:\/\/bumbar.hr\/en\/wp-json\/wp\/v2\/product"}],"about":[{"href":"https:\/\/bumbar.hr\/en\/wp-json\/wp\/v2\/types\/product"}],"replies":[{"embeddable":true,"href":"https:\/\/bumbar.hr\/en\/wp-json\/wp\/v2\/comments?post=6813"}],"wp:featuredmedia":[{"embeddable":true,"href":"https:\/\/bumbar.hr\/en\/wp-json\/wp\/v2\/media\/5546"}],"wp:attachment":[{"href":"https:\/\/bumbar.hr\/en\/wp-json\/wp\/v2\/media?parent=6813"}],"wp:term":[{"taxonomy":"product_brand","embeddable":true,"href":"https:\/\/bumbar.hr\/en\/wp-json\/wp\/v2\/product_brand?post=6813"},{"taxonomy":"product_cat","embeddable":true,"href":"https:\/\/bumbar.hr\/en\/wp-json\/wp\/v2\/product_cat?post=6813"},{"taxonomy":"product_tag","embeddable":true,"href":"https:\/\/bumbar.hr\/en\/wp-json\/wp\/v2\/product_tag?post=6813"}],"curies":[{"name":"wp","href":"https:\/\/api.w.org\/{rel}","templated":true}]}}